{"id":6774,"date":"2025-11-14T09:29:47","date_gmt":"2025-11-14T08:29:47","guid":{"rendered":"https:\/\/www.shopyser.fr\/?post_type=product&#038;p=6774"},"modified":"2025-11-14T09:57:44","modified_gmt":"2025-11-14T08:57:44","slug":"bouilloire-1-8l-gris-kitchys","status":"publish","type":"product","link":"https:\/\/www.shopyser.fr\/?product=bouilloire-1-8l-gris-kitchys","title":{"rendered":"Bouilloire 1.8L Gris &#8211; KitchYS"},"content":{"rendered":"<p data-start=\"630\" data-end=\"765\">Transformez votre pause th\u00e9 ou caf\u00e9 en moment pratique et styl\u00e9 gr\u00e2ce \u00e0 la bouilloire Kitchys :<\/p>\n<ul data-start=\"767\" data-end=\"1622\">\n<li data-start=\"767\" data-end=\"864\">\n<p data-start=\"769\" data-end=\"864\"><strong data-start=\"769\" data-end=\"787\">Capacit\u00e9 1,8 L<\/strong> : parfait pour servir plusieurs tasses \u00e0 la fois ou pour toute la famille.<\/p>\n<\/li>\n<li data-start=\"865\" data-end=\"956\">\n<p data-start=\"867\" data-end=\"956\"><strong data-start=\"867\" data-end=\"890\">Puissance de 2200 W<\/strong> : chauffe rapide pour faire bouillir l\u2019eau en un rien de temps.<\/p>\n<\/li>\n<li data-start=\"957\" data-end=\"1094\">\n<p data-start=\"959\" data-end=\"1094\"><strong data-start=\"959\" data-end=\"983\">Coloris gris moderne<\/strong> : finition \u00e9l\u00e9gante qui s\u2019harmonise avec un large panel de cuisines, de l\u2019ultra-moderne \u00e0 la plus classique.<\/p>\n<\/li>\n<li data-start=\"1095\" data-end=\"1208\">\n<p data-start=\"1097\" data-end=\"1208\"><strong data-start=\"1097\" data-end=\"1120\">Socle 360\u00b0 sans fil<\/strong> : la bouilloire se pose ou se rel\u00e8ve facilement, pratique pour tous les utilisateurs.<\/p>\n<\/li>\n<li data-start=\"1314\" data-end=\"1417\">\n<p data-start=\"1316\" data-end=\"1417\"><strong data-start=\"1316\" data-end=\"1337\">S\u00e9curit\u00e9 optimale<\/strong> : arr\u00eat automatique \u00e0 \u00e9bullition, protection contre la mise en marche \u00e0 vide.<\/p>\n<\/li>\n<li data-start=\"1418\" data-end=\"1522\">\n<p data-start=\"1420\" data-end=\"1522\"><strong data-start=\"1420\" data-end=\"1462\">Poign\u00e9e ergonomique et bec anti-goutte<\/strong> : manipulez-la en toute tranquillit\u00e9, sans \u00e9claboussures.<\/p>\n<\/li>\n<li data-start=\"1523\" data-end=\"1622\">\n<p data-start=\"1525\" data-end=\"1622\"><strong data-start=\"1525\" data-end=\"1567\">Cordon d\u2019alimentation int\u00e9gr\u00e9 au socle<\/strong> : pour une installation propre sur le plan de travail.<\/p>\n<\/li>\n<\/ul>\n<p data-start=\"1624\" data-end=\"1727\">Avec cette bouilloire Kitchys, vous r\u00e9unissez style, performance et confort d\u2019utilisation au quotidien.<\/p>\n<hr data-start=\"1729\" data-end=\"1732\" \/>\n<p data-start=\"1734\" data-end=\"1767\"><strong data-start=\"1734\" data-end=\"1765\">Caract\u00e9ristiques techniques<\/strong><\/p>\n<ul data-start=\"1768\" data-end=\"2223\">\n<li data-start=\"1768\" data-end=\"1788\">\n<p data-start=\"1770\" data-end=\"1788\">Marque : Kitchys<\/p>\n<\/li>\n<li data-start=\"1789\" data-end=\"1809\">\n<p data-start=\"1791\" data-end=\"1809\">Capacit\u00e9 : 1,8 L<\/p>\n<\/li>\n<li data-start=\"1810\" data-end=\"1844\">\n<p data-start=\"1812\" data-end=\"1844\">Puissance : 2200 W (220-240 V)<\/p>\n<\/li>\n<li data-start=\"1845\" data-end=\"1863\">\n<p data-start=\"1847\" data-end=\"1863\">Coloris : Gris<\/p>\n<\/li>\n<li data-start=\"1864\" data-end=\"1889\">\n<p data-start=\"1866\" data-end=\"1889\">Socle : 360\u00b0 sans fil<\/p>\n<\/li>\n<li data-start=\"1890\" data-end=\"1917\">\n<p data-start=\"1892\" data-end=\"1917\">Arr\u00eat automatique : Oui<\/p>\n<\/li>\n<li data-start=\"1918\" data-end=\"1970\">\n<p data-start=\"1920\" data-end=\"1970\">Protection contre la mise en marche \u00e0 vide : Oui<\/p>\n<\/li>\n<li data-start=\"2011\" data-end=\"2074\">\n<p data-start=\"2013\" data-end=\"2074\">Mati\u00e8re : acier inox + plastiques alimentaires<\/p>\n<\/li>\n<\/ul>\n<hr data-start=\"2225\" data-end=\"2228\" \/>\n<p data-start=\"2230\" data-end=\"2266\"><strong data-start=\"2230\" data-end=\"2264\">Points forts \u00e0 mettre en avant<\/strong><\/p>\n<ul data-start=\"2267\" data-end=\"2602\">\n<li data-start=\"2267\" data-end=\"2329\">\n<p data-start=\"2269\" data-end=\"2329\">Chauffe rapide pour vos boissons chaudes en un clin d\u2019\u0153il.<\/p>\n<\/li>\n<li data-start=\"2330\" data-end=\"2380\">\n<p data-start=\"2332\" data-end=\"2380\">Capacit\u00e9 familiale 1,8 L pour plus de libert\u00e9.<\/p>\n<\/li>\n<li data-start=\"2381\" data-end=\"2451\">\n<p data-start=\"2383\" data-end=\"2451\">Design gris sobre et contemporain pour un plan de travail \u00e9l\u00e9gant.<\/p>\n<\/li>\n<li data-start=\"2452\" data-end=\"2544\">\n<p data-start=\"2454\" data-end=\"2544\">Utilisation confortable et s\u00e9curis\u00e9e gr\u00e2ce au socle 360\u00b0 et aux dispositifs de s\u00e9curit\u00e9.<\/p>\n<\/li>\n<li data-start=\"2545\" data-end=\"2602\">\n<p data-start=\"2547\" data-end=\"2602\">Entretien simplifi\u00e9 avec filtre anti-calcaire amovible.<\/p>\n<\/li>\n<\/ul>\n<hr data-start=\"2604\" data-end=\"2607\" \/>\n<p data-start=\"2609\" data-end=\"2650\"><strong data-start=\"2609\" data-end=\"2648\">Conseils d\u2019utilisation et entretien<\/strong><\/p>\n<ul data-start=\"2651\" data-end=\"3028\">\n<li data-start=\"2651\" data-end=\"2762\">\n<p data-start=\"2653\" data-end=\"2762\">Avant la premi\u00e8re utilisation, rincez l\u2019int\u00e9rieur avec de l\u2019eau claire et faites bouillir puis jetez l\u2019eau.<\/p>\n<\/li>\n<li data-start=\"2763\" data-end=\"2816\">\n<p data-start=\"2765\" data-end=\"2816\">Ne remplissez jamais au-dessus du rep\u00e8re \u00ab MAX \u00bb.<\/p>\n<\/li>\n<li data-start=\"2817\" data-end=\"2924\">\n<p data-start=\"2819\" data-end=\"2924\">Pour d\u00e9tartrer, utilisez un m\u00e9lange vinaigre blanc\/eau ou un produit adapt\u00e9, puis rincez soigneusement.<\/p>\n<\/li>\n<li data-start=\"2925\" data-end=\"3028\">\n<p data-start=\"2927\" data-end=\"3028\">Veillez \u00e0 poser la bouilloire sur une surface plane, s\u00e8che et \u00e0 l\u2019\u00e9cart des bords de plan de travail.<\/p>\n<\/li>\n<\/ul>\n","protected":false},"excerpt":{"rendered":"<p>Profitez d\u2019un design moderne et d\u2019une capacit\u00e9 g\u00e9n\u00e9reuse : la bouilloire Kitchys 1,8 L en coloris gris s\u2019int\u00e8gre parfaitement dans votre cuisine. Cet appareil 2200 W chauffe rapidement l\u2019eau et s\u2019utilise simplement gr\u00e2ce \u00e0 son socle 360\u00b0 sans fil \u2014 id\u00e9al pour les gauchers comme pour les droitiers.<\/p>\n","protected":false},"featured_media":6775,"comment_status":"open","ping_status":"closed","template":"","meta":[],"product_brand":[2390],"product_cat":[40,733],"product_tag":[2395,2392,2394,2391,2393],"class_list":{"0":"post-6774","1":"product","2":"type-product","3":"status-publish","4":"has-post-thumbnail","6":"product_brand-kitchys","7":"product_cat-cuisine","8":"product_cat-electromenager","9":"product_tag-bouilloire-1-8l","10":"product_tag-chauffe-rapide-2200-w","11":"product_tag-design-cuisine","12":"product_tag-gris","13":"product_tag-socle-360","15":"first","16":"instock","17":"sale","18":"taxable","19":"shipping-taxable","20":"purchasable","21":"product-type-simple"},"jetpack_sharing_enabled":true,"_links":{"self":[{"href":"https:\/\/www.shopyser.fr\/index.php?rest_route=\/wp\/v2\/product\/6774","targetHints":{"allow":["GET"]}}],"collection":[{"href":"https:\/\/www.shopyser.fr\/index.php?rest_route=\/wp\/v2\/product"}],"about":[{"href":"https:\/\/www.shopyser.fr\/index.php?rest_route=\/wp\/v2\/types\/product"}],"replies":[{"embeddable":true,"href":"https:\/\/www.shopyser.fr\/index.php?rest_route=%2Fwp%2Fv2%2Fcomments&post=6774"}],"wp:featuredmedia":[{"embeddable":true,"href":"https:\/\/www.shopyser.fr\/index.php?rest_route=\/wp\/v2\/media\/6775"}],"wp:attachment":[{"href":"https:\/\/www.shopyser.fr\/index.php?rest_route=%2Fwp%2Fv2%2Fmedia&parent=6774"}],"wp:term":[{"taxonomy":"product_brand","embeddable":true,"href":"https:\/\/www.shopyser.fr\/index.php?rest_route=%2Fwp%2Fv2%2Fproduct_brand&post=6774"},{"taxonomy":"product_cat","embeddable":true,"href":"https:\/\/www.shopyser.fr\/index.php?rest_route=%2Fwp%2Fv2%2Fproduct_cat&post=6774"},{"taxonomy":"product_tag","embeddable":true,"href":"https:\/\/www.shopyser.fr\/index.php?rest_route=%2Fwp%2Fv2%2Fproduct_tag&post=6774"}],"curies":[{"name":"wp","href":"https:\/\/api.w.org\/{rel}","templated":true}]}}