{"id":6326,"date":"2025-05-18T17:27:26","date_gmt":"2025-05-18T15:27:26","guid":{"rendered":"https:\/\/www.shopyser.fr\/?post_type=product&#038;p=6326"},"modified":"2025-05-19T17:41:55","modified_gmt":"2025-05-19T15:41:55","slug":"aspirateur-eau-et-poussiere-15l","status":"publish","type":"product","link":"https:\/\/www.shopyser.fr\/?product=aspirateur-eau-et-poussiere-15l","title":{"rendered":"Aspirateur eau et poussi\u00e8re 15L"},"content":{"rendered":"<p>Aspirateur eau et poussi\u00e8re 15L permet un nettoyage rapide des liquides et des d\u00e9bris solides. Id\u00e9al en atelier, garage ou maison. Sa cuve spacieuse et sa puissance d\u2019aspiration facilitent tous vos entretiens.<\/p>\n<p>Mots-cl\u00e9s SEO : aspirateur atelier, nettoyage eau poussi\u00e8re, aspirateur garage, outil de nettoyage.<\/p>\n","protected":false},"excerpt":{"rendered":"<p>Aspirateur 2-en-1 pour nettoyer eau et poussi\u00e8re efficacement.<\/p>\n","protected":false},"featured_media":6345,"comment_status":"open","ping_status":"closed","template":"","meta":[],"product_brand":[792],"product_cat":[733,728,16],"product_tag":[797,793,794,795,796],"class_list":{"0":"post-6326","1":"product","2":"type-product","3":"status-publish","4":"has-post-thumbnail","6":"product_brand-bentheimer","7":"product_cat-electromenager","8":"product_cat-electroportatif","9":"product_cat-outillage","10":"product_tag-aspirateur-compact-puissant","11":"product_tag-aspirateur-eau-et-poussiere-professionnel","12":"product_tag-aspirateur-inox-15l","13":"product_tag-aspirateur-multifonction-1200w","14":"product_tag-aspirateur-souffleur-chantier","16":"first","17":"instock","18":"taxable","19":"shipping-taxable","20":"purchasable","21":"product-type-simple"},"jetpack_sharing_enabled":true,"_links":{"self":[{"href":"https:\/\/www.shopyser.fr\/index.php?rest_route=\/wp\/v2\/product\/6326","targetHints":{"allow":["GET"]}}],"collection":[{"href":"https:\/\/www.shopyser.fr\/index.php?rest_route=\/wp\/v2\/product"}],"about":[{"href":"https:\/\/www.shopyser.fr\/index.php?rest_route=\/wp\/v2\/types\/product"}],"replies":[{"embeddable":true,"href":"https:\/\/www.shopyser.fr\/index.php?rest_route=%2Fwp%2Fv2%2Fcomments&post=6326"}],"wp:featuredmedia":[{"embeddable":true,"href":"https:\/\/www.shopyser.fr\/index.php?rest_route=\/wp\/v2\/media\/6345"}],"wp:attachment":[{"href":"https:\/\/www.shopyser.fr\/index.php?rest_route=%2Fwp%2Fv2%2Fmedia&parent=6326"}],"wp:term":[{"taxonomy":"product_brand","embeddable":true,"href":"https:\/\/www.shopyser.fr\/index.php?rest_route=%2Fwp%2Fv2%2Fproduct_brand&post=6326"},{"taxonomy":"product_cat","embeddable":true,"href":"https:\/\/www.shopyser.fr\/index.php?rest_route=%2Fwp%2Fv2%2Fproduct_cat&post=6326"},{"taxonomy":"product_tag","embeddable":true,"href":"https:\/\/www.shopyser.fr\/index.php?rest_route=%2Fwp%2Fv2%2Fproduct_tag&post=6326"}],"curies":[{"name":"wp","href":"https:\/\/api.w.org\/{rel}","templated":true}]}}