{"id":6218,"date":"2025-04-18T14:02:39","date_gmt":"2025-04-18T12:02:39","guid":{"rendered":"https:\/\/www.shopyser.fr\/?post_type=product&#038;p=6218"},"modified":"2026-03-03T19:53:37","modified_gmt":"2026-03-03T18:53:37","slug":"couscoussier-6-5l-noir","status":"publish","type":"product","link":"https:\/\/www.shopyser.fr\/?product=couscoussier-6-5l-noir","title":{"rendered":"Couscoussier 6.5L Noir"},"content":{"rendered":"<p>Couscoussier 6.5L Noir est con\u00e7u pour faciliter vos pr\u00e9parations culinaires. Fiable, simple \u00e0 utiliser et facile \u00e0 nettoyer, c\u2019est un alli\u00e9 indispensable dans votre cuisine.<\/p>\n<p>Mots-cl\u00e9s SEO : couscoussier 6.5l noir, ustensile cuisine, accessoire cuisine, cuisine maison.<\/p>\n","protected":false},"excerpt":{"rendered":"<p>Ustensile pratique pour am\u00e9liorer votre quotidien en cuisine.<\/p>\n","protected":false},"featured_media":6276,"comment_status":"open","ping_status":"closed","template":"","meta":[],"product_brand":[832],"product_cat":[40,731],"product_tag":[2344,43],"class_list":{"0":"post-6218","1":"product","2":"type-product","3":"status-publish","4":"has-post-thumbnail","6":"product_brand-shopyser","7":"product_cat-cuisine","8":"product_cat-ustensile-de-cuisine","9":"product_tag-couscoussier-6-5l-noir","10":"product_tag-cuisine","12":"first","13":"instock","14":"sale","15":"taxable","16":"shipping-taxable","17":"purchasable","18":"product-type-simple"},"jetpack_sharing_enabled":true,"_links":{"self":[{"href":"https:\/\/www.shopyser.fr\/index.php?rest_route=\/wp\/v2\/product\/6218","targetHints":{"allow":["GET"]}}],"collection":[{"href":"https:\/\/www.shopyser.fr\/index.php?rest_route=\/wp\/v2\/product"}],"about":[{"href":"https:\/\/www.shopyser.fr\/index.php?rest_route=\/wp\/v2\/types\/product"}],"replies":[{"embeddable":true,"href":"https:\/\/www.shopyser.fr\/index.php?rest_route=%2Fwp%2Fv2%2Fcomments&post=6218"}],"wp:featuredmedia":[{"embeddable":true,"href":"https:\/\/www.shopyser.fr\/index.php?rest_route=\/wp\/v2\/media\/6276"}],"wp:attachment":[{"href":"https:\/\/www.shopyser.fr\/index.php?rest_route=%2Fwp%2Fv2%2Fmedia&parent=6218"}],"wp:term":[{"taxonomy":"product_brand","embeddable":true,"href":"https:\/\/www.shopyser.fr\/index.php?rest_route=%2Fwp%2Fv2%2Fproduct_brand&post=6218"},{"taxonomy":"product_cat","embeddable":true,"href":"https:\/\/www.shopyser.fr\/index.php?rest_route=%2Fwp%2Fv2%2Fproduct_cat&post=6218"},{"taxonomy":"product_tag","embeddable":true,"href":"https:\/\/www.shopyser.fr\/index.php?rest_route=%2Fwp%2Fv2%2Fproduct_tag&post=6218"}],"curies":[{"name":"wp","href":"https:\/\/api.w.org\/{rel}","templated":true}]}}