{"id":6216,"date":"2025-04-18T14:02:39","date_gmt":"2025-04-18T12:02:39","guid":{"rendered":"https:\/\/www.shopyser.fr\/?post_type=product&#038;p=6216"},"modified":"2025-09-27T19:06:48","modified_gmt":"2025-09-27T17:06:48","slug":"coupe-a-glace","status":"publish","type":"product","link":"https:\/\/www.shopyser.fr\/?product=coupe-a-glace","title":{"rendered":"Coupe \u00e0 glace"},"content":{"rendered":"<p>D\u00e9couvrez le produit Coupe \u00e0 glace, con\u00e7u pour r\u00e9pondre \u00e0 vos besoins du quotidien. Qualit\u00e9, praticit\u00e9 et design moderne sont au rendez-vous.<\/p>\n<p>Mots-cl\u00e9s SEO : coupe \u00e0 glace, ustensile cuisine, \u00e9quipement maison.<\/p>\n","protected":false},"excerpt":{"rendered":"<p>Coupe \u00e0 glace \u2013 produit de qualit\u00e9 pour votre cuisine ou maison.<\/p>\n","protected":false},"featured_media":6260,"comment_status":"open","ping_status":"closed","template":"","meta":[],"product_brand":[832],"product_cat":[732],"product_tag":[2342,43],"class_list":{"0":"post-6216","1":"product","2":"type-product","3":"status-publish","4":"has-post-thumbnail","6":"product_brand-shopyser","7":"product_cat-vaisselle","8":"product_tag-coupe-a-glace","9":"product_tag-cuisine","11":"first","12":"instock","13":"sale","14":"taxable","15":"shipping-taxable","16":"purchasable","17":"product-type-simple"},"jetpack_sharing_enabled":true,"_links":{"self":[{"href":"https:\/\/www.shopyser.fr\/index.php?rest_route=\/wp\/v2\/product\/6216","targetHints":{"allow":["GET"]}}],"collection":[{"href":"https:\/\/www.shopyser.fr\/index.php?rest_route=\/wp\/v2\/product"}],"about":[{"href":"https:\/\/www.shopyser.fr\/index.php?rest_route=\/wp\/v2\/types\/product"}],"replies":[{"embeddable":true,"href":"https:\/\/www.shopyser.fr\/index.php?rest_route=%2Fwp%2Fv2%2Fcomments&post=6216"}],"wp:featuredmedia":[{"embeddable":true,"href":"https:\/\/www.shopyser.fr\/index.php?rest_route=\/wp\/v2\/media\/6260"}],"wp:attachment":[{"href":"https:\/\/www.shopyser.fr\/index.php?rest_route=%2Fwp%2Fv2%2Fmedia&parent=6216"}],"wp:term":[{"taxonomy":"product_brand","embeddable":true,"href":"https:\/\/www.shopyser.fr\/index.php?rest_route=%2Fwp%2Fv2%2Fproduct_brand&post=6216"},{"taxonomy":"product_cat","embeddable":true,"href":"https:\/\/www.shopyser.fr\/index.php?rest_route=%2Fwp%2Fv2%2Fproduct_cat&post=6216"},{"taxonomy":"product_tag","embeddable":true,"href":"https:\/\/www.shopyser.fr\/index.php?rest_route=%2Fwp%2Fv2%2Fproduct_tag&post=6216"}],"curies":[{"name":"wp","href":"https:\/\/api.w.org\/{rel}","templated":true}]}}