{"id":6128,"date":"2025-04-18T14:01:01","date_gmt":"2025-04-18T12:01:01","guid":{"rendered":"https:\/\/www.shopyser.fr\/?post_type=product&#038;p=6128"},"modified":"2026-03-03T19:53:09","modified_gmt":"2026-03-03T18:53:09","slug":"verre-a-the-6pcs-dmyc02","status":"publish","type":"product","link":"https:\/\/www.shopyser.fr\/?product=verre-a-the-6pcs-dmyc02","title":{"rendered":"Verre \u00e0 th\u00e9 6pcs &#8211; DMYC02"},"content":{"rendered":"<p>D\u00e9couvrez le produit Verre \u00e0 th\u00e9 6pcs &#8211; DMYC02, con\u00e7u pour r\u00e9pondre \u00e0 vos besoins du quotidien. Qualit\u00e9, praticit\u00e9 et design moderne sont au rendez-vous.<\/p>\n<p>Mots-cl\u00e9s SEO : verre \u00e0 th\u00e9 6pcs &#8211; dmyc02, ustensile cuisine, \u00e9quipement maison.<\/p>\n","protected":false},"excerpt":{"rendered":"<p>Verre \u00e0 th\u00e9 6pcs &#8211; DMYC02 \u2013 produit de qualit\u00e9 pour votre cuisine ou maison.<\/p>\n","protected":false},"featured_media":6174,"comment_status":"open","ping_status":"closed","template":"","meta":[],"product_brand":[832],"product_cat":[732],"product_tag":[43,2297],"class_list":{"0":"post-6128","1":"product","2":"type-product","3":"status-publish","4":"has-post-thumbnail","6":"product_brand-shopyser","7":"product_cat-vaisselle","8":"product_tag-cuisine","9":"product_tag-verre-a-the-6pcs-dmyc02","11":"first","12":"instock","13":"sale","14":"taxable","15":"shipping-taxable","16":"purchasable","17":"product-type-simple"},"jetpack_sharing_enabled":true,"_links":{"self":[{"href":"https:\/\/www.shopyser.fr\/index.php?rest_route=\/wp\/v2\/product\/6128","targetHints":{"allow":["GET"]}}],"collection":[{"href":"https:\/\/www.shopyser.fr\/index.php?rest_route=\/wp\/v2\/product"}],"about":[{"href":"https:\/\/www.shopyser.fr\/index.php?rest_route=\/wp\/v2\/types\/product"}],"replies":[{"embeddable":true,"href":"https:\/\/www.shopyser.fr\/index.php?rest_route=%2Fwp%2Fv2%2Fcomments&post=6128"}],"wp:featuredmedia":[{"embeddable":true,"href":"https:\/\/www.shopyser.fr\/index.php?rest_route=\/wp\/v2\/media\/6174"}],"wp:attachment":[{"href":"https:\/\/www.shopyser.fr\/index.php?rest_route=%2Fwp%2Fv2%2Fmedia&parent=6128"}],"wp:term":[{"taxonomy":"product_brand","embeddable":true,"href":"https:\/\/www.shopyser.fr\/index.php?rest_route=%2Fwp%2Fv2%2Fproduct_brand&post=6128"},{"taxonomy":"product_cat","embeddable":true,"href":"https:\/\/www.shopyser.fr\/index.php?rest_route=%2Fwp%2Fv2%2Fproduct_cat&post=6128"},{"taxonomy":"product_tag","embeddable":true,"href":"https:\/\/www.shopyser.fr\/index.php?rest_route=%2Fwp%2Fv2%2Fproduct_tag&post=6128"}],"curies":[{"name":"wp","href":"https:\/\/api.w.org\/{rel}","templated":true}]}}