{"id":6124,"date":"2025-04-18T14:01:00","date_gmt":"2025-04-18T12:01:00","guid":{"rendered":"https:\/\/www.shopyser.fr\/?post_type=product&#038;p=6124"},"modified":"2025-07-11T12:02:49","modified_gmt":"2025-07-11T10:02:49","slug":"broyeur-depices-850w-150g-rs","status":"publish","type":"product","link":"https:\/\/www.shopyser.fr\/?product=broyeur-depices-850w-150g-rs","title":{"rendered":"Broyeur d&rsquo;\u00e9pices &#8211; 850W\/150g RS"},"content":{"rendered":"<p>Broyeur d&rsquo;\u00e9pices &#8211; 850W\/150g RS est con\u00e7u pour faciliter vos pr\u00e9parations culinaires. Fiable, simple \u00e0 utiliser et facile \u00e0 nettoyer, c\u2019est un alli\u00e9 indispensable dans votre cuisine.<\/p>\n<p>Mots-cl\u00e9s SEO : broyeur d&rsquo;\u00e9pices &#8211; 850w\/150g rs, ustensile cuisine, accessoire cuisine, cuisine maison.<\/p>\n","protected":false},"excerpt":{"rendered":"<p>Ustensile pratique pour am\u00e9liorer votre quotidien en cuisine.<\/p>\n","protected":false},"featured_media":6170,"comment_status":"open","ping_status":"closed","template":"","meta":[],"product_brand":[832],"product_cat":[40,733],"product_tag":[2293,43],"class_list":{"0":"post-6124","1":"product","2":"type-product","3":"status-publish","4":"has-post-thumbnail","6":"product_brand-shopyser","7":"product_cat-cuisine","8":"product_cat-electromenager","9":"product_tag-broyeur-depices-850w-150g-rs","10":"product_tag-cuisine","12":"first","13":"instock","14":"taxable","15":"shipping-taxable","16":"purchasable","17":"product-type-simple"},"jetpack_sharing_enabled":true,"_links":{"self":[{"href":"https:\/\/www.shopyser.fr\/index.php?rest_route=\/wp\/v2\/product\/6124","targetHints":{"allow":["GET"]}}],"collection":[{"href":"https:\/\/www.shopyser.fr\/index.php?rest_route=\/wp\/v2\/product"}],"about":[{"href":"https:\/\/www.shopyser.fr\/index.php?rest_route=\/wp\/v2\/types\/product"}],"replies":[{"embeddable":true,"href":"https:\/\/www.shopyser.fr\/index.php?rest_route=%2Fwp%2Fv2%2Fcomments&post=6124"}],"wp:featuredmedia":[{"embeddable":true,"href":"https:\/\/www.shopyser.fr\/index.php?rest_route=\/wp\/v2\/media\/6170"}],"wp:attachment":[{"href":"https:\/\/www.shopyser.fr\/index.php?rest_route=%2Fwp%2Fv2%2Fmedia&parent=6124"}],"wp:term":[{"taxonomy":"product_brand","embeddable":true,"href":"https:\/\/www.shopyser.fr\/index.php?rest_route=%2Fwp%2Fv2%2Fproduct_brand&post=6124"},{"taxonomy":"product_cat","embeddable":true,"href":"https:\/\/www.shopyser.fr\/index.php?rest_route=%2Fwp%2Fv2%2Fproduct_cat&post=6124"},{"taxonomy":"product_tag","embeddable":true,"href":"https:\/\/www.shopyser.fr\/index.php?rest_route=%2Fwp%2Fv2%2Fproduct_tag&post=6124"}],"curies":[{"name":"wp","href":"https:\/\/api.w.org\/{rel}","templated":true}]}}