{"id":5020,"date":"2024-11-27T14:13:42","date_gmt":"2024-11-27T13:13:42","guid":{"rendered":"https:\/\/www.shopyser.fr\/?post_type=product&#038;p=5020"},"modified":"2025-05-19T17:39:38","modified_gmt":"2025-05-19T15:39:38","slug":"servante-datelier-7-7-xxl-2","status":"publish","type":"product","link":"https:\/\/www.shopyser.fr\/?product=servante-datelier-7-7-xxl-2","title":{"rendered":"Servante d&rsquo;atelier 7\/7 XXL"},"content":{"rendered":"<p>Servante d&rsquo;atelier 7\/7 XXL est un outil pens\u00e9 pour vous accompagner dans tous vos projets de bricolage. Solide, fiable et con\u00e7u pour durer, il vous garantit efficacit\u00e9 et confort \u00e0 chaque utilisation.<\/p>\n<p>Mots-cl\u00e9s SEO : servante d&rsquo;atelier 7\/7 xxl, outillage, bricolage, outil maison, \u00e9quipement atelier.<\/p>\n","protected":false},"excerpt":{"rendered":"<p>Outil de qualit\u00e9 pour vos travaux de bricolage et r\u00e9parations.<\/p>\n","protected":false},"featured_media":5049,"comment_status":"open","ping_status":"closed","template":"","meta":[],"product_brand":[832],"product_cat":[725,16],"product_tag":[43,2068],"class_list":{"0":"post-5020","1":"product","2":"type-product","3":"status-publish","4":"has-post-thumbnail","6":"product_brand-shopyser","7":"product_cat-a-main","8":"product_cat-outillage","9":"product_tag-cuisine","10":"product_tag-servante-datelier-7-7-xxl","12":"first","13":"instock","14":"taxable","15":"shipping-taxable","16":"purchasable","17":"product-type-simple"},"jetpack_sharing_enabled":true,"_links":{"self":[{"href":"https:\/\/www.shopyser.fr\/index.php?rest_route=\/wp\/v2\/product\/5020","targetHints":{"allow":["GET"]}}],"collection":[{"href":"https:\/\/www.shopyser.fr\/index.php?rest_route=\/wp\/v2\/product"}],"about":[{"href":"https:\/\/www.shopyser.fr\/index.php?rest_route=\/wp\/v2\/types\/product"}],"replies":[{"embeddable":true,"href":"https:\/\/www.shopyser.fr\/index.php?rest_route=%2Fwp%2Fv2%2Fcomments&post=5020"}],"wp:featuredmedia":[{"embeddable":true,"href":"https:\/\/www.shopyser.fr\/index.php?rest_route=\/wp\/v2\/media\/5049"}],"wp:attachment":[{"href":"https:\/\/www.shopyser.fr\/index.php?rest_route=%2Fwp%2Fv2%2Fmedia&parent=5020"}],"wp:term":[{"taxonomy":"product_brand","embeddable":true,"href":"https:\/\/www.shopyser.fr\/index.php?rest_route=%2Fwp%2Fv2%2Fproduct_brand&post=5020"},{"taxonomy":"product_cat","embeddable":true,"href":"https:\/\/www.shopyser.fr\/index.php?rest_route=%2Fwp%2Fv2%2Fproduct_cat&post=5020"},{"taxonomy":"product_tag","embeddable":true,"href":"https:\/\/www.shopyser.fr\/index.php?rest_route=%2Fwp%2Fv2%2Fproduct_tag&post=5020"}],"curies":[{"name":"wp","href":"https:\/\/api.w.org\/{rel}","templated":true}]}}