{"id":4696,"date":"2024-10-24T09:29:08","date_gmt":"2024-10-24T07:29:08","guid":{"rendered":"https:\/\/www.shopyser.fr\/?post_type=product&#038;p=4696"},"modified":"2025-05-19T17:38:26","modified_gmt":"2025-05-19T15:38:26","slug":"couteaux-du-chef-8","status":"publish","type":"product","link":"https:\/\/www.shopyser.fr\/?product=couteaux-du-chef-8","title":{"rendered":"Couteaux du chef 8&Prime;"},"content":{"rendered":"<p>Ces couteaux sont indispensables pour cuisiner comme un chef. Tranchants, \u00e9quilibr\u00e9s et ergonomiques, ils vous aideront \u00e0 d\u00e9couper l\u00e9gumes, viandes ou poissons en toute facilit\u00e9.<\/p>\n<p>Mots-cl\u00e9s SEO : couteaux de cuisine, ustensile de d\u00e9coupe, lame inox, d\u00e9coupe facile.<\/p>\n","protected":false},"excerpt":{"rendered":"<p>Couteaux de cuisine efficaces pour trancher avec pr\u00e9cision.<\/p>\n","protected":false},"featured_media":4746,"comment_status":"open","ping_status":"closed","template":"","meta":[],"product_brand":[832],"product_cat":[730,40],"product_tag":[2030,43],"class_list":{"0":"post-4696","1":"product","2":"type-product","3":"status-publish","4":"has-post-thumbnail","6":"product_brand-shopyser","7":"product_cat-coutellerie-cuisine","8":"product_cat-cuisine","9":"product_tag-couteaux-du-chef-8","10":"product_tag-cuisine","12":"first","13":"outofstock","14":"taxable","15":"shipping-taxable","16":"purchasable","17":"product-type-simple"},"jetpack_sharing_enabled":true,"_links":{"self":[{"href":"https:\/\/www.shopyser.fr\/index.php?rest_route=\/wp\/v2\/product\/4696","targetHints":{"allow":["GET"]}}],"collection":[{"href":"https:\/\/www.shopyser.fr\/index.php?rest_route=\/wp\/v2\/product"}],"about":[{"href":"https:\/\/www.shopyser.fr\/index.php?rest_route=\/wp\/v2\/types\/product"}],"replies":[{"embeddable":true,"href":"https:\/\/www.shopyser.fr\/index.php?rest_route=%2Fwp%2Fv2%2Fcomments&post=4696"}],"wp:featuredmedia":[{"embeddable":true,"href":"https:\/\/www.shopyser.fr\/index.php?rest_route=\/wp\/v2\/media\/4746"}],"wp:attachment":[{"href":"https:\/\/www.shopyser.fr\/index.php?rest_route=%2Fwp%2Fv2%2Fmedia&parent=4696"}],"wp:term":[{"taxonomy":"product_brand","embeddable":true,"href":"https:\/\/www.shopyser.fr\/index.php?rest_route=%2Fwp%2Fv2%2Fproduct_brand&post=4696"},{"taxonomy":"product_cat","embeddable":true,"href":"https:\/\/www.shopyser.fr\/index.php?rest_route=%2Fwp%2Fv2%2Fproduct_cat&post=4696"},{"taxonomy":"product_tag","embeddable":true,"href":"https:\/\/www.shopyser.fr\/index.php?rest_route=%2Fwp%2Fv2%2Fproduct_tag&post=4696"}],"curies":[{"name":"wp","href":"https:\/\/api.w.org\/{rel}","templated":true}]}}