{"id":4678,"date":"2024-10-24T09:28:43","date_gmt":"2024-10-24T07:28:43","guid":{"rendered":"https:\/\/www.shopyser.fr\/?post_type=product&#038;p=4678"},"modified":"2025-05-19T17:38:15","modified_gmt":"2025-05-19T15:38:15","slug":"marteau-piqueur-a-batterie","status":"publish","type":"product","link":"https:\/\/www.shopyser.fr\/?product=marteau-piqueur-a-batterie","title":{"rendered":"Marteau Piqueur \u00e0 Batterie"},"content":{"rendered":"<p>Marteau Piqueur \u00e0 Batterie offre puissance et pr\u00e9cision pour les travaux lourds comme les d\u00e9molitions ou le clouage intensif. Son manche anti-vibration et sa t\u00eate \u00e9quilibr\u00e9e assurent confort et performance.<\/p>\n<p>Mots-cl\u00e9s SEO : marteau de chantier, marteau de d\u00e9molition, outillage manuel, bricolage intensif.<\/p>\n","protected":false},"excerpt":{"rendered":"<p>Marteau robuste pour vos travaux de clouage ou d\u00e9molition.<\/p>\n","protected":false},"featured_media":4727,"comment_status":"open","ping_status":"closed","template":"","meta":[],"product_brand":[832],"product_cat":[16],"product_tag":[43,2024],"class_list":{"0":"post-4678","1":"product","2":"type-product","3":"status-publish","4":"has-post-thumbnail","6":"product_brand-shopyser","7":"product_cat-outillage","8":"product_tag-cuisine","9":"product_tag-marteau-piqueur-a-batterie","11":"first","12":"instock","13":"taxable","14":"shipping-taxable","15":"purchasable","16":"product-type-simple"},"jetpack_sharing_enabled":true,"_links":{"self":[{"href":"https:\/\/www.shopyser.fr\/index.php?rest_route=\/wp\/v2\/product\/4678","targetHints":{"allow":["GET"]}}],"collection":[{"href":"https:\/\/www.shopyser.fr\/index.php?rest_route=\/wp\/v2\/product"}],"about":[{"href":"https:\/\/www.shopyser.fr\/index.php?rest_route=\/wp\/v2\/types\/product"}],"replies":[{"embeddable":true,"href":"https:\/\/www.shopyser.fr\/index.php?rest_route=%2Fwp%2Fv2%2Fcomments&post=4678"}],"wp:featuredmedia":[{"embeddable":true,"href":"https:\/\/www.shopyser.fr\/index.php?rest_route=\/wp\/v2\/media\/4727"}],"wp:attachment":[{"href":"https:\/\/www.shopyser.fr\/index.php?rest_route=%2Fwp%2Fv2%2Fmedia&parent=4678"}],"wp:term":[{"taxonomy":"product_brand","embeddable":true,"href":"https:\/\/www.shopyser.fr\/index.php?rest_route=%2Fwp%2Fv2%2Fproduct_brand&post=4678"},{"taxonomy":"product_cat","embeddable":true,"href":"https:\/\/www.shopyser.fr\/index.php?rest_route=%2Fwp%2Fv2%2Fproduct_cat&post=4678"},{"taxonomy":"product_tag","embeddable":true,"href":"https:\/\/www.shopyser.fr\/index.php?rest_route=%2Fwp%2Fv2%2Fproduct_tag&post=4678"}],"curies":[{"name":"wp","href":"https:\/\/api.w.org\/{rel}","templated":true}]}}