{"id":4662,"date":"2024-10-24T09:28:20","date_gmt":"2024-10-24T07:28:20","guid":{"rendered":"https:\/\/www.shopyser.fr\/?post_type=product&#038;p=4662"},"modified":"2025-11-02T19:05:53","modified_gmt":"2025-11-02T18:05:53","slug":"chafing-dish-rond-6l-dore","status":"publish","type":"product","link":"https:\/\/www.shopyser.fr\/?product=chafing-dish-rond-6l-dore","title":{"rendered":"Chafing Dish Rond 6L &#8211; Dor\u00e9"},"content":{"rendered":"<p>Chafing Dish Rond 6L &#8211; Dor\u00e9 est con\u00e7u pour faciliter vos pr\u00e9parations culinaires. Fiable, simple \u00e0 utiliser et facile \u00e0 nettoyer, c\u2019est un alli\u00e9 indispensable dans votre cuisine.<\/p>\n<p>Mots-cl\u00e9s SEO : chafing dish rond 6l &#8211; dor\u00e9, ustensile cuisine, accessoire cuisine, cuisine maison.<\/p>\n","protected":false},"excerpt":{"rendered":"<p>Ustensile pratique pour am\u00e9liorer votre quotidien en cuisine.<\/p>\n","protected":false},"featured_media":4711,"comment_status":"open","ping_status":"closed","template":"","meta":[],"product_brand":[832],"product_cat":[40,729,731],"product_tag":[2017,43],"class_list":{"0":"post-4662","1":"product","2":"type-product","3":"status-publish","4":"has-post-thumbnail","6":"product_brand-shopyser","7":"product_cat-cuisine","8":"product_cat-divers","9":"product_cat-ustensile-de-cuisine","10":"product_tag-chafing-dish-rond-6l-dore","11":"product_tag-cuisine","13":"first","14":"instock","15":"sale","16":"taxable","17":"shipping-taxable","18":"purchasable","19":"product-type-simple"},"jetpack_sharing_enabled":true,"_links":{"self":[{"href":"https:\/\/www.shopyser.fr\/index.php?rest_route=\/wp\/v2\/product\/4662","targetHints":{"allow":["GET"]}}],"collection":[{"href":"https:\/\/www.shopyser.fr\/index.php?rest_route=\/wp\/v2\/product"}],"about":[{"href":"https:\/\/www.shopyser.fr\/index.php?rest_route=\/wp\/v2\/types\/product"}],"replies":[{"embeddable":true,"href":"https:\/\/www.shopyser.fr\/index.php?rest_route=%2Fwp%2Fv2%2Fcomments&post=4662"}],"wp:featuredmedia":[{"embeddable":true,"href":"https:\/\/www.shopyser.fr\/index.php?rest_route=\/wp\/v2\/media\/4711"}],"wp:attachment":[{"href":"https:\/\/www.shopyser.fr\/index.php?rest_route=%2Fwp%2Fv2%2Fmedia&parent=4662"}],"wp:term":[{"taxonomy":"product_brand","embeddable":true,"href":"https:\/\/www.shopyser.fr\/index.php?rest_route=%2Fwp%2Fv2%2Fproduct_brand&post=4662"},{"taxonomy":"product_cat","embeddable":true,"href":"https:\/\/www.shopyser.fr\/index.php?rest_route=%2Fwp%2Fv2%2Fproduct_cat&post=4662"},{"taxonomy":"product_tag","embeddable":true,"href":"https:\/\/www.shopyser.fr\/index.php?rest_route=%2Fwp%2Fv2%2Fproduct_tag&post=4662"}],"curies":[{"name":"wp","href":"https:\/\/api.w.org\/{rel}","templated":true}]}}