{"id":4604,"date":"2024-10-24T09:27:32","date_gmt":"2024-10-24T07:27:32","guid":{"rendered":"https:\/\/www.shopyser.fr\/?post_type=product&#038;p=4604"},"modified":"2025-05-19T17:37:48","modified_gmt":"2025-05-19T15:37:48","slug":"faitout-202428cm-carre","status":"publish","type":"product","link":"https:\/\/www.shopyser.fr\/?product=faitout-202428cm-carre","title":{"rendered":"Faitout 20+24+28cm Carr\u00e9"},"content":{"rendered":"<p>Le faitout est id\u00e9al pour mijoter, cuire ou pr\u00e9parer des plats familiaux. Gr\u00e2ce \u00e0 sa capacit\u00e9 g\u00e9n\u00e9reuse et \u00e0 son rev\u00eatement effet pierre, la cuisson est uniforme et sans attache.<\/p>\n<p>Compatible tous feux, y compris induction.<\/p>\n<p>Mots-cl\u00e9s SEO : faitout, cuisson grande capacit\u00e9, ustensile cuisine, cocotte induction.<\/p>\n","protected":false},"excerpt":{"rendered":"<p>Faitout profond pour cuisiner en grande quantit\u00e9 facilement.<\/p>\n","protected":false},"featured_media":4436,"comment_status":"open","ping_status":"closed","template":"","meta":[],"product_brand":[832],"product_cat":[40,731],"product_tag":[43,1969],"class_list":{"0":"post-4604","1":"product","2":"type-product","3":"status-publish","4":"has-post-thumbnail","6":"product_brand-shopyser","7":"product_cat-cuisine","8":"product_cat-ustensile-de-cuisine","9":"product_tag-cuisine","10":"product_tag-faitout-202428cm-carre","12":"first","13":"instock","14":"taxable","15":"shipping-taxable","16":"purchasable","17":"product-type-simple"},"jetpack_sharing_enabled":true,"_links":{"self":[{"href":"https:\/\/www.shopyser.fr\/index.php?rest_route=\/wp\/v2\/product\/4604","targetHints":{"allow":["GET"]}}],"collection":[{"href":"https:\/\/www.shopyser.fr\/index.php?rest_route=\/wp\/v2\/product"}],"about":[{"href":"https:\/\/www.shopyser.fr\/index.php?rest_route=\/wp\/v2\/types\/product"}],"replies":[{"embeddable":true,"href":"https:\/\/www.shopyser.fr\/index.php?rest_route=%2Fwp%2Fv2%2Fcomments&post=4604"}],"wp:featuredmedia":[{"embeddable":true,"href":"https:\/\/www.shopyser.fr\/index.php?rest_route=\/wp\/v2\/media\/4436"}],"wp:attachment":[{"href":"https:\/\/www.shopyser.fr\/index.php?rest_route=%2Fwp%2Fv2%2Fmedia&parent=4604"}],"wp:term":[{"taxonomy":"product_brand","embeddable":true,"href":"https:\/\/www.shopyser.fr\/index.php?rest_route=%2Fwp%2Fv2%2Fproduct_brand&post=4604"},{"taxonomy":"product_cat","embeddable":true,"href":"https:\/\/www.shopyser.fr\/index.php?rest_route=%2Fwp%2Fv2%2Fproduct_cat&post=4604"},{"taxonomy":"product_tag","embeddable":true,"href":"https:\/\/www.shopyser.fr\/index.php?rest_route=%2Fwp%2Fv2%2Fproduct_tag&post=4604"}],"curies":[{"name":"wp","href":"https:\/\/api.w.org\/{rel}","templated":true}]}}