{"id":4009,"date":"2024-04-28T16:36:50","date_gmt":"2024-04-28T14:36:50","guid":{"rendered":"https:\/\/www.shopyser.fr\/?post_type=product&#038;p=4009"},"modified":"2025-07-11T11:56:18","modified_gmt":"2025-07-11T09:56:18","slug":"distributeur-de-liquide-vaisselle-noir","status":"publish","type":"product","link":"https:\/\/www.shopyser.fr\/?product=distributeur-de-liquide-vaisselle-noir","title":{"rendered":"Distributeur de liquide vaisselle &#8211; Noir"},"content":{"rendered":"<p>Distributeur de liquide vaisselle &#8211; Noir est con\u00e7u pour faciliter vos pr\u00e9parations culinaires. Fiable, simple \u00e0 utiliser et facile \u00e0 nettoyer, c\u2019est un alli\u00e9 indispensable dans votre cuisine.<\/p>\n<p>Mots-cl\u00e9s SEO : distributeur de liquide vaisselle &#8211; noir, ustensile cuisine, accessoire cuisine, cuisine maison.<\/p>\n","protected":false},"excerpt":{"rendered":"<p>Ustensile pratique pour am\u00e9liorer votre quotidien en cuisine.<\/p>\n","protected":false},"featured_media":4060,"comment_status":"open","ping_status":"closed","template":"","meta":[],"product_brand":[832],"product_cat":[40,729,731],"product_tag":[43,1812],"class_list":{"0":"post-4009","1":"product","2":"type-product","3":"status-publish","4":"has-post-thumbnail","6":"product_brand-shopyser","7":"product_cat-cuisine","8":"product_cat-divers","9":"product_cat-ustensile-de-cuisine","10":"product_tag-cuisine","11":"product_tag-distributeur-de-liquide-vaisselle-noir","13":"first","14":"instock","15":"taxable","16":"shipping-taxable","17":"purchasable","18":"product-type-simple"},"jetpack_sharing_enabled":true,"_links":{"self":[{"href":"https:\/\/www.shopyser.fr\/index.php?rest_route=\/wp\/v2\/product\/4009","targetHints":{"allow":["GET"]}}],"collection":[{"href":"https:\/\/www.shopyser.fr\/index.php?rest_route=\/wp\/v2\/product"}],"about":[{"href":"https:\/\/www.shopyser.fr\/index.php?rest_route=\/wp\/v2\/types\/product"}],"replies":[{"embeddable":true,"href":"https:\/\/www.shopyser.fr\/index.php?rest_route=%2Fwp%2Fv2%2Fcomments&post=4009"}],"wp:featuredmedia":[{"embeddable":true,"href":"https:\/\/www.shopyser.fr\/index.php?rest_route=\/wp\/v2\/media\/4060"}],"wp:attachment":[{"href":"https:\/\/www.shopyser.fr\/index.php?rest_route=%2Fwp%2Fv2%2Fmedia&parent=4009"}],"wp:term":[{"taxonomy":"product_brand","embeddable":true,"href":"https:\/\/www.shopyser.fr\/index.php?rest_route=%2Fwp%2Fv2%2Fproduct_brand&post=4009"},{"taxonomy":"product_cat","embeddable":true,"href":"https:\/\/www.shopyser.fr\/index.php?rest_route=%2Fwp%2Fv2%2Fproduct_cat&post=4009"},{"taxonomy":"product_tag","embeddable":true,"href":"https:\/\/www.shopyser.fr\/index.php?rest_route=%2Fwp%2Fv2%2Fproduct_tag&post=4009"}],"curies":[{"name":"wp","href":"https:\/\/api.w.org\/{rel}","templated":true}]}}