{"id":3934,"date":"2024-04-28T16:35:04","date_gmt":"2024-04-28T14:35:04","guid":{"rendered":"https:\/\/www.shopyser.fr\/?post_type=product&#038;p=3934"},"modified":"2025-05-19T17:36:09","modified_gmt":"2025-05-19T15:36:09","slug":"batterie-10pcs-noir-20cm-22cm-24cm-26cm-28cm","status":"publish","type":"product","link":"https:\/\/www.shopyser.fr\/?product=batterie-10pcs-noir-20cm-22cm-24cm-26cm-28cm","title":{"rendered":"Batterie 10pcs Noir &#8211; 20cm\/22cm\/24cm\/26cm\/28cm"},"content":{"rendered":"<p>Batterie 10pcs Noir &#8211; 20cm\/22cm\/24cm\/26cm\/28cm est con\u00e7u pour faciliter vos pr\u00e9parations culinaires. Fiable, simple \u00e0 utiliser et facile \u00e0 nettoyer, c\u2019est un alli\u00e9 indispensable dans votre cuisine.<\/p>\n<p>Mots-cl\u00e9s SEO : batterie 10pcs noir &#8211; 20cm\/22cm\/24cm\/26cm\/28cm, ustensile cuisine, accessoire cuisine, cuisine maison.<\/p>\n","protected":false},"excerpt":{"rendered":"<p>Ustensile pratique pour am\u00e9liorer votre quotidien en cuisine.<\/p>\n","protected":false},"featured_media":3981,"comment_status":"closed","ping_status":"closed","template":"","meta":[],"product_brand":[832],"product_cat":[40,731],"product_tag":[1781,43],"class_list":{"0":"post-3934","1":"product","2":"type-product","3":"status-publish","4":"has-post-thumbnail","6":"product_brand-shopyser","7":"product_cat-cuisine","8":"product_cat-ustensile-de-cuisine","9":"product_tag-batterie-10pcs-noir-20cm-22cm-24cm-26cm-28cm","10":"product_tag-cuisine","12":"first","13":"instock","14":"sale","15":"taxable","16":"shipping-taxable","17":"purchasable","18":"product-type-simple"},"jetpack_sharing_enabled":true,"_links":{"self":[{"href":"https:\/\/www.shopyser.fr\/index.php?rest_route=\/wp\/v2\/product\/3934","targetHints":{"allow":["GET"]}}],"collection":[{"href":"https:\/\/www.shopyser.fr\/index.php?rest_route=\/wp\/v2\/product"}],"about":[{"href":"https:\/\/www.shopyser.fr\/index.php?rest_route=\/wp\/v2\/types\/product"}],"replies":[{"embeddable":true,"href":"https:\/\/www.shopyser.fr\/index.php?rest_route=%2Fwp%2Fv2%2Fcomments&post=3934"}],"wp:featuredmedia":[{"embeddable":true,"href":"https:\/\/www.shopyser.fr\/index.php?rest_route=\/wp\/v2\/media\/3981"}],"wp:attachment":[{"href":"https:\/\/www.shopyser.fr\/index.php?rest_route=%2Fwp%2Fv2%2Fmedia&parent=3934"}],"wp:term":[{"taxonomy":"product_brand","embeddable":true,"href":"https:\/\/www.shopyser.fr\/index.php?rest_route=%2Fwp%2Fv2%2Fproduct_brand&post=3934"},{"taxonomy":"product_cat","embeddable":true,"href":"https:\/\/www.shopyser.fr\/index.php?rest_route=%2Fwp%2Fv2%2Fproduct_cat&post=3934"},{"taxonomy":"product_tag","embeddable":true,"href":"https:\/\/www.shopyser.fr\/index.php?rest_route=%2Fwp%2Fv2%2Fproduct_tag&post=3934"}],"curies":[{"name":"wp","href":"https:\/\/api.w.org\/{rel}","templated":true}]}}