{"id":3544,"date":"2024-04-28T16:10:41","date_gmt":"2024-04-28T14:10:41","guid":{"rendered":"https:\/\/www.shopyser.fr\/?post_type=product&#038;p=3544"},"modified":"2025-05-19T17:34:43","modified_gmt":"2025-05-19T15:34:43","slug":"verre-petit-x4-qy857","status":"publish","type":"product","link":"https:\/\/www.shopyser.fr\/?product=verre-petit-x4-qy857","title":{"rendered":"Verre petit x4 &#8211; QY857"},"content":{"rendered":"<p>D\u00e9couvrez le produit Verre petit x4 &#8211; QY857, con\u00e7u pour r\u00e9pondre \u00e0 vos besoins du quotidien. Qualit\u00e9, praticit\u00e9 et design moderne sont au rendez-vous.<\/p>\n<p>Mots-cl\u00e9s SEO : verre petit x4 &#8211; qy857, ustensile cuisine, \u00e9quipement maison.<\/p>\n","protected":false},"excerpt":{"rendered":"<p>Verre petit x4 &#8211; QY857 \u2013 produit de qualit\u00e9 pour votre cuisine ou maison.<\/p>\n","protected":false},"featured_media":3596,"comment_status":"open","ping_status":"closed","template":"","meta":[],"product_brand":[832],"product_cat":[732],"product_tag":[43,1605],"class_list":{"0":"post-3544","1":"product","2":"type-product","3":"status-publish","4":"has-post-thumbnail","6":"product_brand-shopyser","7":"product_cat-vaisselle","8":"product_tag-cuisine","9":"product_tag-verre-petit-x4-qy857","11":"first","12":"instock","13":"taxable","14":"shipping-taxable","15":"purchasable","16":"product-type-simple"},"jetpack_sharing_enabled":true,"_links":{"self":[{"href":"https:\/\/www.shopyser.fr\/index.php?rest_route=\/wp\/v2\/product\/3544","targetHints":{"allow":["GET"]}}],"collection":[{"href":"https:\/\/www.shopyser.fr\/index.php?rest_route=\/wp\/v2\/product"}],"about":[{"href":"https:\/\/www.shopyser.fr\/index.php?rest_route=\/wp\/v2\/types\/product"}],"replies":[{"embeddable":true,"href":"https:\/\/www.shopyser.fr\/index.php?rest_route=%2Fwp%2Fv2%2Fcomments&post=3544"}],"wp:featuredmedia":[{"embeddable":true,"href":"https:\/\/www.shopyser.fr\/index.php?rest_route=\/wp\/v2\/media\/3596"}],"wp:attachment":[{"href":"https:\/\/www.shopyser.fr\/index.php?rest_route=%2Fwp%2Fv2%2Fmedia&parent=3544"}],"wp:term":[{"taxonomy":"product_brand","embeddable":true,"href":"https:\/\/www.shopyser.fr\/index.php?rest_route=%2Fwp%2Fv2%2Fproduct_brand&post=3544"},{"taxonomy":"product_cat","embeddable":true,"href":"https:\/\/www.shopyser.fr\/index.php?rest_route=%2Fwp%2Fv2%2Fproduct_cat&post=3544"},{"taxonomy":"product_tag","embeddable":true,"href":"https:\/\/www.shopyser.fr\/index.php?rest_route=%2Fwp%2Fv2%2Fproduct_tag&post=3544"}],"curies":[{"name":"wp","href":"https:\/\/api.w.org\/{rel}","templated":true}]}}