{"id":3343,"date":"2023-11-10T12:07:16","date_gmt":"2023-11-10T11:07:16","guid":{"rendered":"https:\/\/www.shopyser.fr\/?post_type=product&#038;p=3343"},"modified":"2025-05-19T17:34:17","modified_gmt":"2025-05-19T15:34:17","slug":"paire-de-chandelle-2t","status":"publish","type":"product","link":"https:\/\/www.shopyser.fr\/?product=paire-de-chandelle-2t","title":{"rendered":"Paire de chandelle 2T"},"content":{"rendered":"<p>Paire de chandelle 2T est un outil pens\u00e9 pour vous accompagner dans tous vos projets de bricolage. Solide, fiable et con\u00e7u pour durer, il vous garantit efficacit\u00e9 et confort \u00e0 chaque utilisation.<\/p>\n<p>Mots-cl\u00e9s SEO : paire de chandelle 2t, outillage, bricolage, outil maison, \u00e9quipement atelier.<\/p>\n","protected":false},"excerpt":{"rendered":"<p>Outil de qualit\u00e9 pour vos travaux de bricolage et r\u00e9parations.<\/p>\n","protected":false},"featured_media":3392,"comment_status":"open","ping_status":"closed","template":"","meta":[],"product_brand":[832],"product_cat":[725,16],"product_tag":[43,1544],"class_list":{"0":"post-3343","1":"product","2":"type-product","3":"status-publish","4":"has-post-thumbnail","6":"product_brand-shopyser","7":"product_cat-a-main","8":"product_cat-outillage","9":"product_tag-cuisine","10":"product_tag-paire-de-chandelle-2t","12":"first","13":"instock","14":"taxable","15":"shipping-taxable","16":"purchasable","17":"product-type-simple"},"jetpack_sharing_enabled":true,"_links":{"self":[{"href":"https:\/\/www.shopyser.fr\/index.php?rest_route=\/wp\/v2\/product\/3343","targetHints":{"allow":["GET"]}}],"collection":[{"href":"https:\/\/www.shopyser.fr\/index.php?rest_route=\/wp\/v2\/product"}],"about":[{"href":"https:\/\/www.shopyser.fr\/index.php?rest_route=\/wp\/v2\/types\/product"}],"replies":[{"embeddable":true,"href":"https:\/\/www.shopyser.fr\/index.php?rest_route=%2Fwp%2Fv2%2Fcomments&post=3343"}],"wp:featuredmedia":[{"embeddable":true,"href":"https:\/\/www.shopyser.fr\/index.php?rest_route=\/wp\/v2\/media\/3392"}],"wp:attachment":[{"href":"https:\/\/www.shopyser.fr\/index.php?rest_route=%2Fwp%2Fv2%2Fmedia&parent=3343"}],"wp:term":[{"taxonomy":"product_brand","embeddable":true,"href":"https:\/\/www.shopyser.fr\/index.php?rest_route=%2Fwp%2Fv2%2Fproduct_brand&post=3343"},{"taxonomy":"product_cat","embeddable":true,"href":"https:\/\/www.shopyser.fr\/index.php?rest_route=%2Fwp%2Fv2%2Fproduct_cat&post=3343"},{"taxonomy":"product_tag","embeddable":true,"href":"https:\/\/www.shopyser.fr\/index.php?rest_route=%2Fwp%2Fv2%2Fproduct_tag&post=3343"}],"curies":[{"name":"wp","href":"https:\/\/api.w.org\/{rel}","templated":true}]}}