{"id":2741,"date":"2023-09-08T11:17:37","date_gmt":"2023-09-08T09:17:37","guid":{"rendered":"https:\/\/www.shopyser.fr\/?post_type=product&#038;p=2741"},"modified":"2025-05-19T17:31:35","modified_gmt":"2025-05-19T15:31:35","slug":"porte-papier-toilette-tiger","status":"publish","type":"product","link":"https:\/\/www.shopyser.fr\/?product=porte-papier-toilette-tiger","title":{"rendered":"Porte papier toilette TIGER"},"content":{"rendered":"<p>D\u00e9couvrez le produit Porte papier toilette TIGER, con\u00e7u pour r\u00e9pondre \u00e0 vos besoins du quotidien. Qualit\u00e9, praticit\u00e9 et design moderne sont au rendez-vous.<\/p>\n<p>Mots-cl\u00e9s SEO : porte papier toilette tiger, ustensile cuisine, \u00e9quipement maison.<\/p>\n","protected":false},"excerpt":{"rendered":"<p>Porte papier toilette TIGER \u2013 produit de qualit\u00e9 pour votre cuisine ou maison.<\/p>\n","protected":false},"featured_media":2771,"comment_status":"open","ping_status":"closed","template":"","meta":[],"product_brand":[832],"product_cat":[729],"product_tag":[43,1309],"class_list":{"0":"post-2741","1":"product","2":"type-product","3":"status-publish","4":"has-post-thumbnail","6":"product_brand-shopyser","7":"product_cat-divers","8":"product_tag-cuisine","9":"product_tag-porte-papier-toilette-tiger","11":"first","12":"instock","13":"taxable","14":"shipping-taxable","15":"purchasable","16":"product-type-simple"},"jetpack_sharing_enabled":true,"_links":{"self":[{"href":"https:\/\/www.shopyser.fr\/index.php?rest_route=\/wp\/v2\/product\/2741","targetHints":{"allow":["GET"]}}],"collection":[{"href":"https:\/\/www.shopyser.fr\/index.php?rest_route=\/wp\/v2\/product"}],"about":[{"href":"https:\/\/www.shopyser.fr\/index.php?rest_route=\/wp\/v2\/types\/product"}],"replies":[{"embeddable":true,"href":"https:\/\/www.shopyser.fr\/index.php?rest_route=%2Fwp%2Fv2%2Fcomments&post=2741"}],"wp:featuredmedia":[{"embeddable":true,"href":"https:\/\/www.shopyser.fr\/index.php?rest_route=\/wp\/v2\/media\/2771"}],"wp:attachment":[{"href":"https:\/\/www.shopyser.fr\/index.php?rest_route=%2Fwp%2Fv2%2Fmedia&parent=2741"}],"wp:term":[{"taxonomy":"product_brand","embeddable":true,"href":"https:\/\/www.shopyser.fr\/index.php?rest_route=%2Fwp%2Fv2%2Fproduct_brand&post=2741"},{"taxonomy":"product_cat","embeddable":true,"href":"https:\/\/www.shopyser.fr\/index.php?rest_route=%2Fwp%2Fv2%2Fproduct_cat&post=2741"},{"taxonomy":"product_tag","embeddable":true,"href":"https:\/\/www.shopyser.fr\/index.php?rest_route=%2Fwp%2Fv2%2Fproduct_tag&post=2741"}],"curies":[{"name":"wp","href":"https:\/\/api.w.org\/{rel}","templated":true}]}}