{"id":2728,"date":"2023-09-08T11:17:26","date_gmt":"2023-09-08T09:17:26","guid":{"rendered":"https:\/\/www.shopyser.fr\/?post_type=product&#038;p=2728"},"modified":"2025-05-19T17:31:22","modified_gmt":"2025-05-19T15:31:22","slug":"enceinte-bt-tg-191","status":"publish","type":"product","link":"https:\/\/www.shopyser.fr\/?product=enceinte-bt-tg-191","title":{"rendered":"Enceinte BT TG-191"},"content":{"rendered":"<p>D\u00e9couvrez le produit Enceinte BT TG-191, con\u00e7u pour r\u00e9pondre \u00e0 vos besoins du quotidien. Qualit\u00e9, praticit\u00e9 et design moderne sont au rendez-vous.<\/p>\n<p>Mots-cl\u00e9s SEO : enceinte bt tg-191, ustensile cuisine, \u00e9quipement maison.<\/p>\n","protected":false},"excerpt":{"rendered":"<p>Enceinte BT TG-191 \u2013 produit de qualit\u00e9 pour votre cuisine ou maison.<\/p>\n","protected":false},"featured_media":1834,"comment_status":"open","ping_status":"closed","template":"","meta":[],"product_brand":[832],"product_cat":[729],"product_tag":[43,1301],"class_list":{"0":"post-2728","1":"product","2":"type-product","3":"status-publish","4":"has-post-thumbnail","6":"product_brand-shopyser","7":"product_cat-divers","8":"product_tag-cuisine","9":"product_tag-enceinte-bt-tg-191","11":"first","12":"instock","13":"purchasable","14":"product-type-simple"},"jetpack_sharing_enabled":true,"_links":{"self":[{"href":"https:\/\/www.shopyser.fr\/index.php?rest_route=\/wp\/v2\/product\/2728","targetHints":{"allow":["GET"]}}],"collection":[{"href":"https:\/\/www.shopyser.fr\/index.php?rest_route=\/wp\/v2\/product"}],"about":[{"href":"https:\/\/www.shopyser.fr\/index.php?rest_route=\/wp\/v2\/types\/product"}],"replies":[{"embeddable":true,"href":"https:\/\/www.shopyser.fr\/index.php?rest_route=%2Fwp%2Fv2%2Fcomments&post=2728"}],"wp:featuredmedia":[{"embeddable":true,"href":"https:\/\/www.shopyser.fr\/index.php?rest_route=\/wp\/v2\/media\/1834"}],"wp:attachment":[{"href":"https:\/\/www.shopyser.fr\/index.php?rest_route=%2Fwp%2Fv2%2Fmedia&parent=2728"}],"wp:term":[{"taxonomy":"product_brand","embeddable":true,"href":"https:\/\/www.shopyser.fr\/index.php?rest_route=%2Fwp%2Fv2%2Fproduct_brand&post=2728"},{"taxonomy":"product_cat","embeddable":true,"href":"https:\/\/www.shopyser.fr\/index.php?rest_route=%2Fwp%2Fv2%2Fproduct_cat&post=2728"},{"taxonomy":"product_tag","embeddable":true,"href":"https:\/\/www.shopyser.fr\/index.php?rest_route=%2Fwp%2Fv2%2Fproduct_tag&post=2728"}],"curies":[{"name":"wp","href":"https:\/\/api.w.org\/{rel}","templated":true}]}}