{"id":2655,"date":"2023-09-08T10:23:19","date_gmt":"2023-09-08T08:23:19","guid":{"rendered":"https:\/\/www.shopyser.fr\/?post_type=product&#038;p=2655"},"modified":"2026-03-03T19:38:42","modified_gmt":"2026-03-03T18:38:42","slug":"cle-a-choc-pl-2","status":"publish","type":"product","link":"https:\/\/www.shopyser.fr\/?product=cle-a-choc-pl-2","title":{"rendered":"Cl\u00e9 \u00e0 choc PL"},"content":{"rendered":"<p>Cl\u00e9 \u00e0 choc PL est con\u00e7u pour les bricoleurs exigeants. Ces cl\u00e9s offrent une excellente prise pour travailler avec pr\u00e9cision, m\u00eame sur des \u00e9crous rouill\u00e9s ou bloqu\u00e9s. Un basique fiable et durable pour tout atelier ou garage.<\/p>\n<p>Mots-cl\u00e9s SEO : cl\u00e9 plate, cl\u00e9 \u00e0 pipe, outils m\u00e9caniques, serrage pr\u00e9cis, outillage manuel.<\/p>\n","protected":false},"excerpt":{"rendered":"<p>Cl\u00e9s solides pour serrer et desserrer en toute s\u00e9curit\u00e9.<\/p>\n","protected":false},"featured_media":2681,"comment_status":"closed","ping_status":"closed","template":"","meta":[],"product_brand":[832],"product_cat":[728,16],"product_tag":[1199,43],"class_list":{"0":"post-2655","1":"product","2":"type-product","3":"status-publish","4":"has-post-thumbnail","6":"product_brand-shopyser","7":"product_cat-electroportatif","8":"product_cat-outillage","9":"product_tag-cle-a-choc-pl","10":"product_tag-cuisine","12":"first","13":"instock","14":"sale","15":"taxable","16":"shipping-taxable","17":"purchasable","18":"product-type-simple"},"jetpack_sharing_enabled":true,"_links":{"self":[{"href":"https:\/\/www.shopyser.fr\/index.php?rest_route=\/wp\/v2\/product\/2655","targetHints":{"allow":["GET"]}}],"collection":[{"href":"https:\/\/www.shopyser.fr\/index.php?rest_route=\/wp\/v2\/product"}],"about":[{"href":"https:\/\/www.shopyser.fr\/index.php?rest_route=\/wp\/v2\/types\/product"}],"replies":[{"embeddable":true,"href":"https:\/\/www.shopyser.fr\/index.php?rest_route=%2Fwp%2Fv2%2Fcomments&post=2655"}],"wp:featuredmedia":[{"embeddable":true,"href":"https:\/\/www.shopyser.fr\/index.php?rest_route=\/wp\/v2\/media\/2681"}],"wp:attachment":[{"href":"https:\/\/www.shopyser.fr\/index.php?rest_route=%2Fwp%2Fv2%2Fmedia&parent=2655"}],"wp:term":[{"taxonomy":"product_brand","embeddable":true,"href":"https:\/\/www.shopyser.fr\/index.php?rest_route=%2Fwp%2Fv2%2Fproduct_brand&post=2655"},{"taxonomy":"product_cat","embeddable":true,"href":"https:\/\/www.shopyser.fr\/index.php?rest_route=%2Fwp%2Fv2%2Fproduct_cat&post=2655"},{"taxonomy":"product_tag","embeddable":true,"href":"https:\/\/www.shopyser.fr\/index.php?rest_route=%2Fwp%2Fv2%2Fproduct_tag&post=2655"}],"curies":[{"name":"wp","href":"https:\/\/api.w.org\/{rel}","templated":true}]}}