{"id":2635,"date":"2023-09-08T10:22:55","date_gmt":"2023-09-08T08:22:55","guid":{"rendered":"https:\/\/www.shopyser.fr\/?post_type=product&#038;p=2635"},"modified":"2026-03-03T19:37:31","modified_gmt":"2026-03-03T18:37:31","slug":"tournevis-12pcs","status":"publish","type":"product","link":"https:\/\/www.shopyser.fr\/?product=tournevis-12pcs","title":{"rendered":"Tournevis 12pcs"},"content":{"rendered":"<p>Le Tournevis 12pcs comprend plusieurs tournevis adapt\u00e9s \u00e0 tous les types de vis. Id\u00e9al pour monter des meubles, ouvrir des appareils ou r\u00e9parer des \u00e9quipements. Poign\u00e9es ergonomiques et t\u00eates magn\u00e9tiques pour plus d\u2019efficacit\u00e9.<\/p>\n<p>Mots-cl\u00e9s SEO : tournevis, kit de vissage, bricolage maison, outils main, tournevis magn\u00e9tique.<\/p>\n","protected":false},"excerpt":{"rendered":"<p>Jeu de tournevis robuste pour vissage et d\u00e9montage au quotidien.<\/p>\n","protected":false},"featured_media":2670,"comment_status":"closed","ping_status":"closed","template":"","meta":[],"product_brand":[832],"product_cat":[725,16],"product_tag":[43,1264],"class_list":{"0":"post-2635","1":"product","2":"type-product","3":"status-publish","4":"has-post-thumbnail","6":"product_brand-shopyser","7":"product_cat-a-main","8":"product_cat-outillage","9":"product_tag-cuisine","10":"product_tag-tournevis-12pcs","12":"first","13":"instock","14":"taxable","15":"shipping-taxable","16":"purchasable","17":"product-type-simple"},"jetpack_sharing_enabled":true,"_links":{"self":[{"href":"https:\/\/www.shopyser.fr\/index.php?rest_route=\/wp\/v2\/product\/2635","targetHints":{"allow":["GET"]}}],"collection":[{"href":"https:\/\/www.shopyser.fr\/index.php?rest_route=\/wp\/v2\/product"}],"about":[{"href":"https:\/\/www.shopyser.fr\/index.php?rest_route=\/wp\/v2\/types\/product"}],"replies":[{"embeddable":true,"href":"https:\/\/www.shopyser.fr\/index.php?rest_route=%2Fwp%2Fv2%2Fcomments&post=2635"}],"wp:featuredmedia":[{"embeddable":true,"href":"https:\/\/www.shopyser.fr\/index.php?rest_route=\/wp\/v2\/media\/2670"}],"wp:attachment":[{"href":"https:\/\/www.shopyser.fr\/index.php?rest_route=%2Fwp%2Fv2%2Fmedia&parent=2635"}],"wp:term":[{"taxonomy":"product_brand","embeddable":true,"href":"https:\/\/www.shopyser.fr\/index.php?rest_route=%2Fwp%2Fv2%2Fproduct_brand&post=2635"},{"taxonomy":"product_cat","embeddable":true,"href":"https:\/\/www.shopyser.fr\/index.php?rest_route=%2Fwp%2Fv2%2Fproduct_cat&post=2635"},{"taxonomy":"product_tag","embeddable":true,"href":"https:\/\/www.shopyser.fr\/index.php?rest_route=%2Fwp%2Fv2%2Fproduct_tag&post=2635"}],"curies":[{"name":"wp","href":"https:\/\/api.w.org\/{rel}","templated":true}]}}