{"id":2622,"date":"2023-09-08T10:22:53","date_gmt":"2023-09-08T08:22:53","guid":{"rendered":"https:\/\/www.shopyser.fr\/?post_type=product&#038;p=2622"},"modified":"2025-05-19T17:30:52","modified_gmt":"2025-05-19T15:30:52","slug":"scie-circulaire","status":"publish","type":"product","link":"https:\/\/www.shopyser.fr\/?product=scie-circulaire","title":{"rendered":"Scie Circulaire"},"content":{"rendered":"<p>Scie Circulaire est con\u00e7ue pour offrir des coupes pr\u00e9cises dans le bois, le PVC ou le m\u00e9tal. Facile \u00e0 manier, elle est parfaite pour les bricoleurs qui cherchent \u00e0 gagner en efficacit\u00e9.<\/p>\n<p>Mots-cl\u00e9s SEO : scie manuelle, d\u00e9coupe bois, scie polyvalente, outil de coupe.<\/p>\n","protected":false},"excerpt":{"rendered":"<p>Scie pratique pour des d\u00e9coupes nettes et rapides.<\/p>\n","protected":false},"featured_media":2646,"comment_status":"closed","ping_status":"closed","template":"","meta":[],"product_brand":[832],"product_cat":[728,16],"product_tag":[43,1251],"class_list":{"0":"post-2622","1":"product","2":"type-product","3":"status-publish","4":"has-post-thumbnail","6":"product_brand-shopyser","7":"product_cat-electroportatif","8":"product_cat-outillage","9":"product_tag-cuisine","10":"product_tag-scie-circulaire","12":"first","13":"instock","14":"taxable","15":"shipping-taxable","16":"purchasable","17":"product-type-simple"},"jetpack_sharing_enabled":true,"_links":{"self":[{"href":"https:\/\/www.shopyser.fr\/index.php?rest_route=\/wp\/v2\/product\/2622","targetHints":{"allow":["GET"]}}],"collection":[{"href":"https:\/\/www.shopyser.fr\/index.php?rest_route=\/wp\/v2\/product"}],"about":[{"href":"https:\/\/www.shopyser.fr\/index.php?rest_route=\/wp\/v2\/types\/product"}],"replies":[{"embeddable":true,"href":"https:\/\/www.shopyser.fr\/index.php?rest_route=%2Fwp%2Fv2%2Fcomments&post=2622"}],"wp:featuredmedia":[{"embeddable":true,"href":"https:\/\/www.shopyser.fr\/index.php?rest_route=\/wp\/v2\/media\/2646"}],"wp:attachment":[{"href":"https:\/\/www.shopyser.fr\/index.php?rest_route=%2Fwp%2Fv2%2Fmedia&parent=2622"}],"wp:term":[{"taxonomy":"product_brand","embeddable":true,"href":"https:\/\/www.shopyser.fr\/index.php?rest_route=%2Fwp%2Fv2%2Fproduct_brand&post=2622"},{"taxonomy":"product_cat","embeddable":true,"href":"https:\/\/www.shopyser.fr\/index.php?rest_route=%2Fwp%2Fv2%2Fproduct_cat&post=2622"},{"taxonomy":"product_tag","embeddable":true,"href":"https:\/\/www.shopyser.fr\/index.php?rest_route=%2Fwp%2Fv2%2Fproduct_tag&post=2622"}],"curies":[{"name":"wp","href":"https:\/\/api.w.org\/{rel}","templated":true}]}}