{"id":2598,"date":"2023-09-08T10:22:42","date_gmt":"2023-09-08T08:22:42","guid":{"rendered":"https:\/\/www.shopyser.fr\/?post_type=product&#038;p=2598"},"modified":"2025-05-19T17:30:45","modified_gmt":"2025-05-19T15:30:45","slug":"poste-a-souder-mig","status":"publish","type":"product","link":"https:\/\/www.shopyser.fr\/?product=poste-a-souder-mig","title":{"rendered":"Poste \u00e0 souder MIG"},"content":{"rendered":"<p>Poste \u00e0 souder MIG est un outil pens\u00e9 pour vous accompagner dans tous vos projets de bricolage. Solide, fiable et con\u00e7u pour durer, il vous garantit efficacit\u00e9 et confort \u00e0 chaque utilisation.<\/p>\n<p>Mots-cl\u00e9s SEO : poste \u00e0 souder mig, outillage, bricolage, outil maison, \u00e9quipement atelier.<\/p>\n","protected":false},"excerpt":{"rendered":"<p>Outil de qualit\u00e9 pour vos travaux de bricolage et r\u00e9parations.<\/p>\n","protected":false},"featured_media":1198,"comment_status":"open","ping_status":"closed","template":"","meta":[],"product_brand":[832],"product_cat":[728,16],"product_tag":[43,1228],"class_list":{"0":"post-2598","1":"product","2":"type-product","3":"status-publish","4":"has-post-thumbnail","6":"product_brand-shopyser","7":"product_cat-electroportatif","8":"product_cat-outillage","9":"product_tag-cuisine","10":"product_tag-poste-a-souder-mig","12":"first","13":"instock","14":"purchasable","15":"product-type-simple"},"jetpack_sharing_enabled":true,"_links":{"self":[{"href":"https:\/\/www.shopyser.fr\/index.php?rest_route=\/wp\/v2\/product\/2598","targetHints":{"allow":["GET"]}}],"collection":[{"href":"https:\/\/www.shopyser.fr\/index.php?rest_route=\/wp\/v2\/product"}],"about":[{"href":"https:\/\/www.shopyser.fr\/index.php?rest_route=\/wp\/v2\/types\/product"}],"replies":[{"embeddable":true,"href":"https:\/\/www.shopyser.fr\/index.php?rest_route=%2Fwp%2Fv2%2Fcomments&post=2598"}],"wp:featuredmedia":[{"embeddable":true,"href":"https:\/\/www.shopyser.fr\/index.php?rest_route=\/wp\/v2\/media\/1198"}],"wp:attachment":[{"href":"https:\/\/www.shopyser.fr\/index.php?rest_route=%2Fwp%2Fv2%2Fmedia&parent=2598"}],"wp:term":[{"taxonomy":"product_brand","embeddable":true,"href":"https:\/\/www.shopyser.fr\/index.php?rest_route=%2Fwp%2Fv2%2Fproduct_brand&post=2598"},{"taxonomy":"product_cat","embeddable":true,"href":"https:\/\/www.shopyser.fr\/index.php?rest_route=%2Fwp%2Fv2%2Fproduct_cat&post=2598"},{"taxonomy":"product_tag","embeddable":true,"href":"https:\/\/www.shopyser.fr\/index.php?rest_route=%2Fwp%2Fv2%2Fproduct_tag&post=2598"}],"curies":[{"name":"wp","href":"https:\/\/api.w.org\/{rel}","templated":true}]}}