{"id":2557,"date":"2023-09-08T10:22:29","date_gmt":"2023-09-08T08:22:29","guid":{"rendered":"https:\/\/www.shopyser.fr\/?post_type=product&#038;p=2557"},"modified":"2025-05-19T17:30:15","modified_gmt":"2025-05-19T15:30:15","slug":"caisse-171pcs","status":"publish","type":"product","link":"https:\/\/www.shopyser.fr\/?product=caisse-171pcs","title":{"rendered":"Caisse 171pcs"},"content":{"rendered":"<p>Caisse 171pcs est un outil pens\u00e9 pour vous accompagner dans tous vos projets de bricolage. Solide, fiable et con\u00e7u pour durer, il vous garantit efficacit\u00e9 et confort \u00e0 chaque utilisation.<\/p>\n<p>Mots-cl\u00e9s SEO : caisse 171pcs, outillage, bricolage, outil maison, \u00e9quipement atelier.<\/p>\n","protected":false},"excerpt":{"rendered":"<p>Outil de qualit\u00e9 pour vos travaux de bricolage et r\u00e9parations.<\/p>\n","protected":false},"featured_media":1109,"comment_status":"closed","ping_status":"closed","template":"","meta":[],"product_brand":[832],"product_cat":[725,16],"product_tag":[1190,43],"class_list":{"0":"post-2557","1":"product","2":"type-product","3":"status-publish","4":"has-post-thumbnail","6":"product_brand-shopyser","7":"product_cat-a-main","8":"product_cat-outillage","9":"product_tag-caisse-171pcs","10":"product_tag-cuisine","12":"first","13":"instock","14":"sale","15":"purchasable","16":"product-type-simple"},"jetpack_sharing_enabled":true,"_links":{"self":[{"href":"https:\/\/www.shopyser.fr\/index.php?rest_route=\/wp\/v2\/product\/2557","targetHints":{"allow":["GET"]}}],"collection":[{"href":"https:\/\/www.shopyser.fr\/index.php?rest_route=\/wp\/v2\/product"}],"about":[{"href":"https:\/\/www.shopyser.fr\/index.php?rest_route=\/wp\/v2\/types\/product"}],"replies":[{"embeddable":true,"href":"https:\/\/www.shopyser.fr\/index.php?rest_route=%2Fwp%2Fv2%2Fcomments&post=2557"}],"wp:featuredmedia":[{"embeddable":true,"href":"https:\/\/www.shopyser.fr\/index.php?rest_route=\/wp\/v2\/media\/1109"}],"wp:attachment":[{"href":"https:\/\/www.shopyser.fr\/index.php?rest_route=%2Fwp%2Fv2%2Fmedia&parent=2557"}],"wp:term":[{"taxonomy":"product_brand","embeddable":true,"href":"https:\/\/www.shopyser.fr\/index.php?rest_route=%2Fwp%2Fv2%2Fproduct_brand&post=2557"},{"taxonomy":"product_cat","embeddable":true,"href":"https:\/\/www.shopyser.fr\/index.php?rest_route=%2Fwp%2Fv2%2Fproduct_cat&post=2557"},{"taxonomy":"product_tag","embeddable":true,"href":"https:\/\/www.shopyser.fr\/index.php?rest_route=%2Fwp%2Fv2%2Fproduct_tag&post=2557"}],"curies":[{"name":"wp","href":"https:\/\/api.w.org\/{rel}","templated":true}]}}