{"id":2157,"date":"2023-09-08T10:12:36","date_gmt":"2023-09-08T08:12:36","guid":{"rendered":"https:\/\/www.shopyser.fr\/?post_type=product&#038;p=2157"},"modified":"2025-05-19T17:28:29","modified_gmt":"2025-05-19T15:28:29","slug":"bouilloire-2-3l-blanc","status":"publish","type":"product","link":"https:\/\/www.shopyser.fr\/?product=bouilloire-2-3l-blanc","title":{"rendered":"Bouilloire 2.3L blanc"},"content":{"rendered":"<p>Pr\u00e9parez vos boissons chaudes en un rien de temps avec cette bouilloire au design \u00e9l\u00e9gant. Con\u00e7ue pour une mont\u00e9e en temp\u00e9rature rapide et une bonne prise en main.<\/p>\n<p>Parfaite pour le th\u00e9, le caf\u00e9 ou les soupes instantan\u00e9es.<\/p>\n<p>Mots-cl\u00e9s SEO : bouilloire inox, chauffe-eau cuisine, bouilloire rapide, th\u00e9i\u00e8re moderne.<\/p>\n","protected":false},"excerpt":{"rendered":"<p>Bouilloire pratique pour chauffer l\u2019eau rapidement \u00e0 tout moment.<\/p>\n","protected":false},"featured_media":2185,"comment_status":"closed","ping_status":"closed","template":"","meta":[],"product_brand":[832],"product_cat":[40,733],"product_tag":[1028,43],"class_list":{"0":"post-2157","1":"product","2":"type-product","3":"status-publish","4":"has-post-thumbnail","6":"product_brand-shopyser","7":"product_cat-cuisine","8":"product_cat-electromenager","9":"product_tag-bouilloire-2-3l-blanc","10":"product_tag-cuisine","12":"first","13":"instock","14":"taxable","15":"shipping-taxable","16":"purchasable","17":"product-type-simple"},"jetpack_sharing_enabled":true,"_links":{"self":[{"href":"https:\/\/www.shopyser.fr\/index.php?rest_route=\/wp\/v2\/product\/2157","targetHints":{"allow":["GET"]}}],"collection":[{"href":"https:\/\/www.shopyser.fr\/index.php?rest_route=\/wp\/v2\/product"}],"about":[{"href":"https:\/\/www.shopyser.fr\/index.php?rest_route=\/wp\/v2\/types\/product"}],"replies":[{"embeddable":true,"href":"https:\/\/www.shopyser.fr\/index.php?rest_route=%2Fwp%2Fv2%2Fcomments&post=2157"}],"wp:featuredmedia":[{"embeddable":true,"href":"https:\/\/www.shopyser.fr\/index.php?rest_route=\/wp\/v2\/media\/2185"}],"wp:attachment":[{"href":"https:\/\/www.shopyser.fr\/index.php?rest_route=%2Fwp%2Fv2%2Fmedia&parent=2157"}],"wp:term":[{"taxonomy":"product_brand","embeddable":true,"href":"https:\/\/www.shopyser.fr\/index.php?rest_route=%2Fwp%2Fv2%2Fproduct_brand&post=2157"},{"taxonomy":"product_cat","embeddable":true,"href":"https:\/\/www.shopyser.fr\/index.php?rest_route=%2Fwp%2Fv2%2Fproduct_cat&post=2157"},{"taxonomy":"product_tag","embeddable":true,"href":"https:\/\/www.shopyser.fr\/index.php?rest_route=%2Fwp%2Fv2%2Fproduct_tag&post=2157"}],"curies":[{"name":"wp","href":"https:\/\/api.w.org\/{rel}","templated":true}]}}