{"id":1890,"date":"2023-09-08T10:09:29","date_gmt":"2023-09-08T08:09:29","guid":{"rendered":"https:\/\/www.shopyser.fr\/?post_type=product&#038;p=1890"},"modified":"2025-05-19T17:26:37","modified_gmt":"2025-05-19T15:26:37","slug":"boite-de-couteaux-plastique","status":"publish","type":"product","link":"https:\/\/www.shopyser.fr\/?product=boite-de-couteaux-plastique","title":{"rendered":"Boite de couteaux plastique"},"content":{"rendered":"<p>Ces couteaux sont indispensables pour cuisiner comme un chef. Tranchants, \u00e9quilibr\u00e9s et ergonomiques, ils vous aideront \u00e0 d\u00e9couper l\u00e9gumes, viandes ou poissons en toute facilit\u00e9.<\/p>\n<p>Mots-cl\u00e9s SEO : couteaux de cuisine, ustensile de d\u00e9coupe, lame inox, d\u00e9coupe facile.<\/p>\n","protected":false},"excerpt":{"rendered":"<p>Couteaux de cuisine efficaces pour trancher avec pr\u00e9cision.<\/p>\n","protected":false},"featured_media":1325,"comment_status":"closed","ping_status":"closed","template":"","meta":[],"product_brand":[832],"product_cat":[730,40],"product_tag":[849,43],"class_list":{"0":"post-1890","1":"product","2":"type-product","3":"status-publish","4":"has-post-thumbnail","6":"product_brand-shopyser","7":"product_cat-coutellerie-cuisine","8":"product_cat-cuisine","9":"product_tag-boite-de-couteaux-plastique","10":"product_tag-cuisine","12":"first","13":"instock","14":"taxable","15":"shipping-taxable","16":"purchasable","17":"product-type-simple"},"jetpack_sharing_enabled":true,"_links":{"self":[{"href":"https:\/\/www.shopyser.fr\/index.php?rest_route=\/wp\/v2\/product\/1890","targetHints":{"allow":["GET"]}}],"collection":[{"href":"https:\/\/www.shopyser.fr\/index.php?rest_route=\/wp\/v2\/product"}],"about":[{"href":"https:\/\/www.shopyser.fr\/index.php?rest_route=\/wp\/v2\/types\/product"}],"replies":[{"embeddable":true,"href":"https:\/\/www.shopyser.fr\/index.php?rest_route=%2Fwp%2Fv2%2Fcomments&post=1890"}],"wp:featuredmedia":[{"embeddable":true,"href":"https:\/\/www.shopyser.fr\/index.php?rest_route=\/wp\/v2\/media\/1325"}],"wp:attachment":[{"href":"https:\/\/www.shopyser.fr\/index.php?rest_route=%2Fwp%2Fv2%2Fmedia&parent=1890"}],"wp:term":[{"taxonomy":"product_brand","embeddable":true,"href":"https:\/\/www.shopyser.fr\/index.php?rest_route=%2Fwp%2Fv2%2Fproduct_brand&post=1890"},{"taxonomy":"product_cat","embeddable":true,"href":"https:\/\/www.shopyser.fr\/index.php?rest_route=%2Fwp%2Fv2%2Fproduct_cat&post=1890"},{"taxonomy":"product_tag","embeddable":true,"href":"https:\/\/www.shopyser.fr\/index.php?rest_route=%2Fwp%2Fv2%2Fproduct_tag&post=1890"}],"curies":[{"name":"wp","href":"https:\/\/api.w.org\/{rel}","templated":true}]}}